{"id":482,"date":"2023-05-22T14:46:49","date_gmt":"2023-05-22T14:46:49","guid":{"rendered":"https:\/\/encantada.com.br\/?page_id=482"},"modified":"2023-05-30T18:23:33","modified_gmt":"2023-05-30T18:23:33","slug":"cultura","status":"publish","type":"page","link":"https:\/\/encantada.com.br\/?page_id=482","title":{"rendered":"cultura"},"content":{"rendered":"\n<h2 class=\"wp-block-heading alignfull has-nv-site-bg-color has-nv-dark-bg-background-color has-text-color has-background\">cultura<\/h2>\n\n\n\n<div id=\"wp-block-themeisle-blocks-advanced-columns-9ed733b5\" class=\"wp-block-themeisle-blocks-advanced-columns alignfull has-1-columns has-desktop-equal-layout has-tablet-equal-layout has-mobile-collapsedRows-layout has-vertical-unset has-dark-bg\"><div class=\"wp-block-themeisle-blocks-advanced-columns-overlay\"><\/div><div class=\"innerblocks-wrap\">\n<div id=\"wp-block-themeisle-blocks-advanced-column-e2e4f7ae\" class=\"wp-block-themeisle-blocks-advanced-column\">\n<p class=\"has-white-color has-text-color\"> I am a traveller, fashion blogger, and amateur photographer. This is my personal site, and a summary of what I am working on this period. Get in touch!{\u00f1l{\u00f1l{l{\u00f1l{l{\u00f1l{\u00f1l{\u00f1l{\u00f1l{\u00f1l{\u00f1l{\u00f1l{\u00f1l{\u00f1l{\u00f1l{\u00f1l{\u00f1l{\u00f1l{\u00f1l{\u00f1l{\u00f1l{\u00f1<\/p>\n<\/div>\n<\/div><\/div>\n\n\n\n<div id=\"wp-block-themeisle-blocks-advanced-columns-96c3d70b\" class=\"wp-block-themeisle-blocks-advanced-columns alignfull has-1-columns has-desktop-equal-layout has-tablet-equal-layout has-mobile-collapsedRows-layout has-vertical-unset has-dark-bg\"><div class=\"wp-block-themeisle-blocks-advanced-columns-overlay\"><\/div><div class=\"innerblocks-wrap\">\n<div id=\"wp-block-themeisle-blocks-advanced-column-3b6efc2d\" class=\"wp-block-themeisle-blocks-advanced-column\">\n<figure class=\"wp-block-image size-full\"><img loading=\"lazy\" decoding=\"async\" width=\"1024\" height=\"354\" src=\"https:\/\/encantada.com.br\/wp-content\/uploads\/2023\/05\/IMG_7436.jpg\" alt=\"\" class=\"wp-image-507\" srcset=\"https:\/\/encantada.com.br\/wp-content\/uploads\/2023\/05\/IMG_7436.jpg 1024w, https:\/\/encantada.com.br\/wp-content\/uploads\/2023\/05\/IMG_7436-300x104.jpg 300w, https:\/\/encantada.com.br\/wp-content\/uploads\/2023\/05\/IMG_7436-768x266.jpg 768w\" sizes=\"auto, (max-width: 1024px) 100vw, 1024px\" \/><\/figure>\n<\/div>\n<\/div><\/div>\n","protected":false},"excerpt":{"rendered":"<p>cultura<\/p>\n","protected":false},"author":1,"featured_media":0,"parent":0,"menu_order":0,"comment_status":"closed","ping_status":"closed","template":"","meta":{"_themeisle_gutenberg_block_has_review":false,"footnotes":""},"class_list":["post-482","page","type-page","status-publish","hentry"],"_links":{"self":[{"href":"https:\/\/encantada.com.br\/index.php?rest_route=\/wp\/v2\/pages\/482","targetHints":{"allow":["GET"]}}],"collection":[{"href":"https:\/\/encantada.com.br\/index.php?rest_route=\/wp\/v2\/pages"}],"about":[{"href":"https:\/\/encantada.com.br\/index.php?rest_route=\/wp\/v2\/types\/page"}],"author":[{"embeddable":true,"href":"https:\/\/encantada.com.br\/index.php?rest_route=\/wp\/v2\/users\/1"}],"replies":[{"embeddable":true,"href":"https:\/\/encantada.com.br\/index.php?rest_route=%2Fwp%2Fv2%2Fcomments&post=482"}],"version-history":[{"count":7,"href":"https:\/\/encantada.com.br\/index.php?rest_route=\/wp\/v2\/pages\/482\/revisions"}],"predecessor-version":[{"id":687,"href":"https:\/\/encantada.com.br\/index.php?rest_route=\/wp\/v2\/pages\/482\/revisions\/687"}],"wp:attachment":[{"href":"https:\/\/encantada.com.br\/index.php?rest_route=%2Fwp%2Fv2%2Fmedia&parent=482"}],"curies":[{"name":"wp","href":"https:\/\/api.w.org\/{rel}","templated":true}]}}