{"id":344,"date":"2020-03-23T11:30:41","date_gmt":"2020-03-23T11:30:41","guid":{"rendered":"https:\/\/demosites.io\/rokophoto-gb\/?page_id=86"},"modified":"2025-03-10T22:48:44","modified_gmt":"2025-03-10T22:48:44","slug":"98ee9-home","status":"publish","type":"page","link":"https:\/\/encantada.com.br\/","title":{"rendered":"Home"},"content":{"rendered":"\n<div id=\"wp-block-themeisle-blocks-advanced-columns-427f53fe\" class=\"wp-block-themeisle-blocks-advanced-columns alignfull has-1-columns has-desktop-equal-layout has-tablet-equal-layout has-mobile-equal-layout has-vertical-center\"><div class=\"wp-block-themeisle-blocks-advanced-columns-overlay\"><\/div><div class=\"innerblocks-wrap\">\n<div id=\"wp-block-themeisle-blocks-advanced-column-9d96e4b7\" class=\"wp-block-themeisle-blocks-advanced-column\">\n<h2 class=\"wp-block-heading has-text-align-center has-nv-dark-bg-color has-text-color\" style=\"font-size:clamp(28.836px, 1.802rem + ((1vw - 3.2px) * 2.075), 50px);font-style:normal;font-weight:400;text-transform:capitalize\"><\/h2>\n\n\n\n<figure class=\"wp-block-image size-full is-resized\"><img loading=\"lazy\" decoding=\"async\" src=\"https:\/\/encantada.com.br\/wp-content\/uploads\/2023\/05\/transparente.png\" alt=\"\" class=\"wp-image-667\" style=\"width:280px;height:186px\" width=\"280\" height=\"186\" srcset=\"https:\/\/encantada.com.br\/wp-content\/uploads\/2023\/05\/transparente.png 657w, https:\/\/encantada.com.br\/wp-content\/uploads\/2023\/05\/transparente-300x198.png 300w\" sizes=\"auto, (max-width: 280px) 100vw, 280px\" \/><\/figure>\n<\/div>\n<\/div><\/div>\n\n\n\n<div id=\"wp-block-themeisle-blocks-advanced-columns-cee1fa64\" class=\"wp-block-themeisle-blocks-advanced-columns alignfull has-3-columns has-desktop-equal-layout has-tablet-equal-layout has-mobile-collapsedRows-layout has-vertical-unset\"><div class=\"wp-block-themeisle-blocks-advanced-columns-overlay\"><\/div><div class=\"innerblocks-wrap\">\n<div id=\"wp-block-themeisle-blocks-advanced-column-58b4f4eb\" class=\"wp-block-themeisle-blocks-advanced-column\">\n<div id=\"wp-block-themeisle-blocks-font-awesome-icons-358baa8a\" class=\"wp-block-themeisle-blocks-font-awesome-icons\"><span class=\"wp-block-themeisle-blocks-font-awesome-icons-container\"><a href=\"https:\/\/encantada.com.br\/?page_id=402\" target=\"_self\" rel=\"noopener noreferrer\"><i class=\"fas fa-globe-africa\"><\/i><\/a><\/span><\/div>\n\n\n\n<h3 id=\"wp-block-themeisle-blocks-advanced-heading-d5184fcc\" class=\"wp-block-themeisle-blocks-advanced-heading wp-block-themeisle-blocks-advanced-heading-d5184fcc\">Localiza\u00e7\u00e3o<\/h3>\n\n\n\n<p class=\"has-text-align-center has-nv-dark-bg-color has-text-color\">Saiba mais sobre a nossa localiza\u00e7\u00e3o e como chegar do seu local de resid\u00eancia da forma mais r\u00e1pida.<\/p>\n\n\n\n<p class=\"has-text-align-center has-neve-text-color-color has-text-color\"><br><br>  <\/p>\n<\/div>\n\n\n\n<div id=\"wp-block-themeisle-blocks-advanced-column-78584ae9\" class=\"wp-block-themeisle-blocks-advanced-column\">\n<div id=\"wp-block-themeisle-blocks-font-awesome-icons-abfb30f0\" class=\"wp-block-themeisle-blocks-font-awesome-icons\"><span class=\"wp-block-themeisle-blocks-font-awesome-icons-container\"><a href=\"https:\/\/encantada.com.br\/?page_id=324\" target=\"_self\" rel=\"noopener noreferrer\"><i class=\"fas fa-camera\"><\/i><\/a><\/span><\/div>\n\n\n\n<h3 id=\"wp-block-themeisle-blocks-advanced-heading-0f3acaa8\" class=\"wp-block-themeisle-blocks-advanced-heading wp-block-themeisle-blocks-advanced-heading-0f3acaa8\"> Life Style<\/h3>\n\n\n\n<p class=\"has-text-align-center has-nv-dark-bg-color has-text-color\">Descubra nosso lugar incr\u00edvel atrav\u00e9s de nosso conte\u00fado multim\u00eddia.<\/p>\n<\/div>\n\n\n\n<div id=\"wp-block-themeisle-blocks-advanced-column-2820054f\" class=\"wp-block-themeisle-blocks-advanced-column\">\n<div id=\"wp-block-themeisle-blocks-font-awesome-icons-78a83c6a\" class=\"wp-block-themeisle-blocks-font-awesome-icons\"><span class=\"wp-block-themeisle-blocks-font-awesome-icons-container\"><a href=\"https:\/\/encantada.com.br\/?page_id=380\" target=\"_self\" rel=\"noopener noreferrer\"><i class=\"fas fa-bed\"><\/i><\/a><\/span><\/div>\n\n\n\n<h3 id=\"wp-block-themeisle-blocks-advanced-heading-adef96aa\" class=\"wp-block-themeisle-blocks-advanced-heading wp-block-themeisle-blocks-advanced-heading-adef96aa\"> Servi\u00e7os<\/h3>\n\n\n\n<p class=\"has-text-align-center has-nv-dark-bg-color has-text-color\">Temos uma grande variedade de produtos e servi\u00e7os para lhe oferecer durante a sua estadia.<br>  <\/p>\n<\/div>\n<\/div><\/div>\n\n\n\n<div id=\"wp-block-themeisle-blocks-advanced-columns-03d4bc6f\" class=\"wp-block-themeisle-blocks-advanced-columns alignfull has-1-columns has-desktop-equal-layout has-tablet-equal-layout has-mobile-equal-layout has-vertical-unset has-dark-bg\"><div class=\"wp-block-themeisle-blocks-advanced-columns-overlay\"><\/div><div class=\"innerblocks-wrap\">\n<div id=\"wp-block-themeisle-blocks-advanced-column-7c805052\" class=\"wp-block-themeisle-blocks-advanced-column\">\n<h2 id=\"wp-block-themeisle-blocks-advanced-heading-757937dd\" class=\"wp-block-themeisle-blocks-advanced-heading wp-block-themeisle-blocks-advanced-heading-757937dd\">life style<\/h2>\n\n\n\n<h4 id=\"wp-block-themeisle-blocks-advanced-heading-f87b999e\" class=\"wp-block-themeisle-blocks-advanced-heading wp-block-themeisle-blocks-advanced-heading-f87b999e\">Natureza, Aventura e Esportes<br> <\/h4>\n<\/div>\n<\/div><\/div>\n\n\n\n<div id=\"wp-block-themeisle-blocks-advanced-columns-a03d85c1\" class=\"wp-block-themeisle-blocks-advanced-columns alignfull has-1-columns has-desktop-equal-layout has-tablet-equal-layout has-mobile-equal-layout has-vertical-unset has-dark-bg\"><div class=\"wp-block-themeisle-blocks-advanced-columns-overlay\"><\/div><div class=\"innerblocks-wrap\">\n<div id=\"wp-block-themeisle-blocks-advanced-column-0e70f4bf\" class=\"wp-block-themeisle-blocks-advanced-column\">\n<figure class=\"wp-block-gallery has-nested-images columns-default is-cropped wp-block-gallery-1 is-layout-flex wp-block-gallery-is-layout-flex\">\n<figure class=\"wp-block-image size-large\"><a href=\"https:\/\/encantada.com.br\/wp-content\/uploads\/2023\/05\/IMG_9855-scaled.jpg\"><img loading=\"lazy\" decoding=\"async\" width=\"1024\" height=\"768\" data-id=\"501\" src=\"https:\/\/encantada.com.br\/wp-content\/uploads\/2023\/05\/IMG_9855-1024x768.jpg\" alt=\"\" class=\"wp-image-501\" srcset=\"https:\/\/encantada.com.br\/wp-content\/uploads\/2023\/05\/IMG_9855-1024x768.jpg 1024w, https:\/\/encantada.com.br\/wp-content\/uploads\/2023\/05\/IMG_9855-300x225.jpg 300w, https:\/\/encantada.com.br\/wp-content\/uploads\/2023\/05\/IMG_9855-768x576.jpg 768w, https:\/\/encantada.com.br\/wp-content\/uploads\/2023\/05\/IMG_9855-1536x1152.jpg 1536w, https:\/\/encantada.com.br\/wp-content\/uploads\/2023\/05\/IMG_9855-2048x1536.jpg 2048w\" sizes=\"auto, (max-width: 1024px) 100vw, 1024px\" \/><\/a><\/figure>\n\n\n\n<figure class=\"wp-block-image size-full\"><a href=\"https:\/\/encantada.com.br\/wp-content\/uploads\/2023\/05\/IMG_7440.jpg\"><img loading=\"lazy\" decoding=\"async\" width=\"1024\" height=\"446\" data-id=\"508\" src=\"https:\/\/encantada.com.br\/wp-content\/uploads\/2023\/05\/IMG_7440.jpg\" alt=\"\" class=\"wp-image-508\" srcset=\"https:\/\/encantada.com.br\/wp-content\/uploads\/2023\/05\/IMG_7440.jpg 1024w, https:\/\/encantada.com.br\/wp-content\/uploads\/2023\/05\/IMG_7440-300x131.jpg 300w, https:\/\/encantada.com.br\/wp-content\/uploads\/2023\/05\/IMG_7440-768x335.jpg 768w\" sizes=\"auto, (max-width: 1024px) 100vw, 1024px\" \/><\/a><\/figure>\n\n\n\n<figure class=\"wp-block-image size-large\"><a href=\"https:\/\/encantada.com.br\/wp-content\/uploads\/2023\/05\/IMG_7071.jpg\"><img loading=\"lazy\" decoding=\"async\" width=\"1024\" height=\"768\" data-id=\"506\" src=\"https:\/\/encantada.com.br\/wp-content\/uploads\/2023\/05\/IMG_7071-1024x768.jpg\" alt=\"\" class=\"wp-image-506\" srcset=\"https:\/\/encantada.com.br\/wp-content\/uploads\/2023\/05\/IMG_7071-1024x768.jpg 1024w, https:\/\/encantada.com.br\/wp-content\/uploads\/2023\/05\/IMG_7071-300x225.jpg 300w, https:\/\/encantada.com.br\/wp-content\/uploads\/2023\/05\/IMG_7071-768x576.jpg 768w, https:\/\/encantada.com.br\/wp-content\/uploads\/2023\/05\/IMG_7071.jpg 1280w\" sizes=\"auto, (max-width: 1024px) 100vw, 1024px\" \/><\/a><\/figure>\n\n\n\n<figure class=\"wp-block-image size-large\"><a href=\"https:\/\/encantada.com.br\/wp-content\/uploads\/2023\/05\/image0-2.jpeg\"><img loading=\"lazy\" decoding=\"async\" width=\"1024\" height=\"768\" data-id=\"503\" src=\"https:\/\/encantada.com.br\/wp-content\/uploads\/2023\/05\/image0-2-1024x768.jpeg\" alt=\"\" class=\"wp-image-503\" srcset=\"https:\/\/encantada.com.br\/wp-content\/uploads\/2023\/05\/image0-2-1024x768.jpeg 1024w, https:\/\/encantada.com.br\/wp-content\/uploads\/2023\/05\/image0-2-300x225.jpeg 300w, https:\/\/encantada.com.br\/wp-content\/uploads\/2023\/05\/image0-2-768x576.jpeg 768w, https:\/\/encantada.com.br\/wp-content\/uploads\/2023\/05\/image0-2.jpeg 1280w\" sizes=\"auto, (max-width: 1024px) 100vw, 1024px\" \/><\/a><\/figure>\n\n\n\n<figure class=\"wp-block-image size-large\"><a href=\"https:\/\/encantada.com.br\/wp-content\/uploads\/2023\/05\/IMG_6612-scaled.jpg\"><img loading=\"lazy\" decoding=\"async\" width=\"768\" height=\"1024\" data-id=\"533\" src=\"https:\/\/encantada.com.br\/wp-content\/uploads\/2023\/05\/IMG_6612-768x1024.jpg\" alt=\"\" class=\"wp-image-533\" srcset=\"https:\/\/encantada.com.br\/wp-content\/uploads\/2023\/05\/IMG_6612-768x1024.jpg 768w, https:\/\/encantada.com.br\/wp-content\/uploads\/2023\/05\/IMG_6612-225x300.jpg 225w, https:\/\/encantada.com.br\/wp-content\/uploads\/2023\/05\/IMG_6612-1152x1536.jpg 1152w, https:\/\/encantada.com.br\/wp-content\/uploads\/2023\/05\/IMG_6612-1536x2048.jpg 1536w, https:\/\/encantada.com.br\/wp-content\/uploads\/2023\/05\/IMG_6612-scaled.jpg 1920w\" sizes=\"auto, (max-width: 768px) 100vw, 768px\" \/><\/a><\/figure>\n\n\n\n<figure class=\"wp-block-image size-large\"><a href=\"https:\/\/encantada.com.br\/wp-content\/uploads\/2023\/05\/15-scaled.jpg\"><img loading=\"lazy\" decoding=\"async\" width=\"1024\" height=\"683\" data-id=\"526\" src=\"https:\/\/encantada.com.br\/wp-content\/uploads\/2023\/05\/15-1024x683.jpg\" alt=\"\" class=\"wp-image-526\" srcset=\"https:\/\/encantada.com.br\/wp-content\/uploads\/2023\/05\/15-1024x683.jpg 1024w, https:\/\/encantada.com.br\/wp-content\/uploads\/2023\/05\/15-300x200.jpg 300w, https:\/\/encantada.com.br\/wp-content\/uploads\/2023\/05\/15-768x512.jpg 768w, https:\/\/encantada.com.br\/wp-content\/uploads\/2023\/05\/15-1536x1024.jpg 1536w, https:\/\/encantada.com.br\/wp-content\/uploads\/2023\/05\/15-2048x1365.jpg 2048w, https:\/\/encantada.com.br\/wp-content\/uploads\/2023\/05\/15-930x620.jpg 930w\" sizes=\"auto, (max-width: 1024px) 100vw, 1024px\" \/><\/a><\/figure>\n<\/figure>\n<\/div>\n<\/div><\/div>\n\n\n\n<div id=\"wp-block-themeisle-blocks-advanced-columns-dc6d7bcb\" class=\"wp-block-themeisle-blocks-advanced-columns alignfull has-2-columns has-desktop-twoOne-layout has-tablet-equal-layout has-mobile-collapsedRows-layout has-vertical-unset\"><div class=\"wp-block-themeisle-blocks-advanced-columns-overlay\"><\/div><div class=\"innerblocks-wrap\">\n<div id=\"wp-block-themeisle-blocks-advanced-column-273d9f69\" class=\"wp-block-themeisle-blocks-advanced-column\">\n<h3 id=\"wp-block-themeisle-blocks-advanced-heading-deb7c373\" class=\"wp-block-themeisle-blocks-advanced-heading wp-block-themeisle-blocks-advanced-heading-deb7c373\">Contacte-nos para mais informa\u00e7\u00f5es<\/h3>\n<\/div>\n\n\n\n<div id=\"wp-block-themeisle-blocks-advanced-column-bb76f275\" class=\"wp-block-themeisle-blocks-advanced-column\">\n<div id=\"wp-block-themeisle-blocks-button-group-dae31ca2\" class=\"wp-block-themeisle-blocks-button-group wp-block-buttons align-center\">\n<div id=\"wp-block-themeisle-blocks-button-ac3b0d38\" class=\"wp-block-themeisle-blocks-button wp-block-button\"><a href=\"https:\/\/encantada.com.br\/?page_id=323\" target=\"_self\" rel=\"noopener noreferrer\" class=\"wp-block-button__link\"><span>Contato <\/span><\/a><\/div>\n<\/div>\n<\/div>\n<\/div><\/div>\n\n\n\n<div id=\"wp-block-themeisle-blocks-advanced-columns-57f0782d\" class=\"wp-block-themeisle-blocks-advanced-columns alignfull has-1-columns has-desktop-equal-layout has-tablet-equal-layout has-mobile-equal-layout has-vertical-unset has-dark-bg\"><div class=\"wp-block-themeisle-blocks-advanced-columns-overlay\"><\/div><div class=\"innerblocks-wrap\">\n<div id=\"wp-block-themeisle-blocks-advanced-column-4a831fab\" class=\"wp-block-themeisle-blocks-advanced-column\">\n<h2 id=\"wp-block-themeisle-blocks-advanced-heading-7500b298\" class=\"wp-block-themeisle-blocks-advanced-heading wp-block-themeisle-blocks-advanced-heading-7500b298\">Produtos e servi\u00e7os<\/h2>\n\n\n\n<h4 id=\"wp-block-themeisle-blocks-advanced-heading-a7f22922\" class=\"wp-block-themeisle-blocks-advanced-heading wp-block-themeisle-blocks-advanced-heading-a7f22922\">Breve Descri\u00e7\u00e3o dos Produtos e Servi\u00e7os do Local <\/h4>\n<\/div>\n<\/div><\/div>\n\n\n\n<div id=\"wp-block-themeisle-blocks-advanced-columns-195205a3\" class=\"wp-block-themeisle-blocks-advanced-columns alignfull has-1-columns has-desktop-equal-layout has-tablet-equal-layout has-mobile-equal-layout has-vertical-unset has-dark-bg\"><div class=\"wp-block-themeisle-blocks-advanced-columns-overlay\"><\/div><div class=\"innerblocks-wrap\">\n<div id=\"wp-block-themeisle-blocks-advanced-column-228d5efc\" class=\"wp-block-themeisle-blocks-advanced-column\">\n<figure class=\"wp-block-gallery has-nested-images columns-default is-cropped wp-block-gallery-2 is-layout-flex wp-block-gallery-is-layout-flex\">\n<figure class=\"wp-block-image size-full\"><a href=\"https:\/\/encantada.com.br\/wp-content\/uploads\/2023\/05\/IMG_7440.jpg\"><img loading=\"lazy\" decoding=\"async\" width=\"1024\" height=\"446\" data-id=\"508\" src=\"https:\/\/encantada.com.br\/wp-content\/uploads\/2023\/05\/IMG_7440.jpg\" alt=\"\" class=\"wp-image-508\" srcset=\"https:\/\/encantada.com.br\/wp-content\/uploads\/2023\/05\/IMG_7440.jpg 1024w, https:\/\/encantada.com.br\/wp-content\/uploads\/2023\/05\/IMG_7440-300x131.jpg 300w, https:\/\/encantada.com.br\/wp-content\/uploads\/2023\/05\/IMG_7440-768x335.jpg 768w\" sizes=\"auto, (max-width: 1024px) 100vw, 1024px\" \/><\/a><\/figure>\n\n\n\n<figure class=\"wp-block-image size-large\"><a href=\"https:\/\/encantada.com.br\/wp-content\/uploads\/2023\/05\/IMG_9859-scaled.jpg\"><img loading=\"lazy\" decoding=\"async\" width=\"1024\" height=\"768\" data-id=\"510\" src=\"https:\/\/encantada.com.br\/wp-content\/uploads\/2023\/05\/IMG_9859-1024x768.jpg\" alt=\"\" class=\"wp-image-510\" srcset=\"https:\/\/encantada.com.br\/wp-content\/uploads\/2023\/05\/IMG_9859-1024x768.jpg 1024w, https:\/\/encantada.com.br\/wp-content\/uploads\/2023\/05\/IMG_9859-300x225.jpg 300w, https:\/\/encantada.com.br\/wp-content\/uploads\/2023\/05\/IMG_9859-768x576.jpg 768w, https:\/\/encantada.com.br\/wp-content\/uploads\/2023\/05\/IMG_9859-1536x1152.jpg 1536w, https:\/\/encantada.com.br\/wp-content\/uploads\/2023\/05\/IMG_9859-2048x1536.jpg 2048w\" sizes=\"auto, (max-width: 1024px) 100vw, 1024px\" \/><\/a><\/figure>\n\n\n\n<figure class=\"wp-block-image size-large\"><a href=\"https:\/\/encantada.com.br\/wp-content\/uploads\/2023\/05\/image0-1.jpeg\"><img loading=\"lazy\" decoding=\"async\" width=\"1024\" height=\"768\" data-id=\"493\" src=\"https:\/\/encantada.com.br\/wp-content\/uploads\/2023\/05\/image0-1-1024x768.jpeg\" alt=\"\" class=\"wp-image-493\" srcset=\"https:\/\/encantada.com.br\/wp-content\/uploads\/2023\/05\/image0-1-1024x768.jpeg 1024w, https:\/\/encantada.com.br\/wp-content\/uploads\/2023\/05\/image0-1-300x225.jpeg 300w, https:\/\/encantada.com.br\/wp-content\/uploads\/2023\/05\/image0-1-768x576.jpeg 768w, https:\/\/encantada.com.br\/wp-content\/uploads\/2023\/05\/image0-1.jpeg 1280w\" sizes=\"auto, (max-width: 1024px) 100vw, 1024px\" \/><\/a><\/figure>\n\n\n\n<figure class=\"wp-block-image size-full\"><a href=\"https:\/\/encantada.com.br\/wp-content\/uploads\/2023\/05\/IMG_7436.jpg\"><img loading=\"lazy\" decoding=\"async\" width=\"1024\" height=\"354\" data-id=\"507\" src=\"https:\/\/encantada.com.br\/wp-content\/uploads\/2023\/05\/IMG_7436.jpg\" alt=\"\" class=\"wp-image-507\" srcset=\"https:\/\/encantada.com.br\/wp-content\/uploads\/2023\/05\/IMG_7436.jpg 1024w, https:\/\/encantada.com.br\/wp-content\/uploads\/2023\/05\/IMG_7436-300x104.jpg 300w, https:\/\/encantada.com.br\/wp-content\/uploads\/2023\/05\/IMG_7436-768x266.jpg 768w\" sizes=\"auto, (max-width: 1024px) 100vw, 1024px\" \/><\/a><\/figure>\n\n\n\n<figure class=\"wp-block-image size-large\"><a href=\"https:\/\/encantada.com.br\/wp-content\/uploads\/2023\/05\/IMG_7071.jpg\"><img loading=\"lazy\" decoding=\"async\" width=\"1024\" height=\"768\" data-id=\"506\" src=\"https:\/\/encantada.com.br\/wp-content\/uploads\/2023\/05\/IMG_7071-1024x768.jpg\" alt=\"\" class=\"wp-image-506\" srcset=\"https:\/\/encantada.com.br\/wp-content\/uploads\/2023\/05\/IMG_7071-1024x768.jpg 1024w, https:\/\/encantada.com.br\/wp-content\/uploads\/2023\/05\/IMG_7071-300x225.jpg 300w, https:\/\/encantada.com.br\/wp-content\/uploads\/2023\/05\/IMG_7071-768x576.jpg 768w, https:\/\/encantada.com.br\/wp-content\/uploads\/2023\/05\/IMG_7071.jpg 1280w\" sizes=\"auto, (max-width: 1024px) 100vw, 1024px\" \/><\/a><\/figure>\n\n\n\n<figure class=\"wp-block-image size-large\"><a href=\"https:\/\/encantada.com.br\/wp-content\/uploads\/2023\/05\/9-scaled.jpg\"><img loading=\"lazy\" decoding=\"async\" width=\"685\" height=\"1024\" data-id=\"521\" src=\"https:\/\/encantada.com.br\/wp-content\/uploads\/2023\/05\/9-685x1024.jpg\" alt=\"\" class=\"wp-image-521\" srcset=\"https:\/\/encantada.com.br\/wp-content\/uploads\/2023\/05\/9-685x1024.jpg 685w, https:\/\/encantada.com.br\/wp-content\/uploads\/2023\/05\/9-201x300.jpg 201w, https:\/\/encantada.com.br\/wp-content\/uploads\/2023\/05\/9-768x1147.jpg 768w, https:\/\/encantada.com.br\/wp-content\/uploads\/2023\/05\/9-1028x1536.jpg 1028w, https:\/\/encantada.com.br\/wp-content\/uploads\/2023\/05\/9-1371x2048.jpg 1371w, https:\/\/encantada.com.br\/wp-content\/uploads\/2023\/05\/9-scaled.jpg 1714w\" sizes=\"auto, (max-width: 685px) 100vw, 685px\" \/><\/a><figcaption class=\"wp-element-caption\">SONY DSC<\/figcaption><\/figure>\n<\/figure>\n<\/div>\n<\/div><\/div>\n\n\n\n<div id=\"wp-block-themeisle-blocks-advanced-columns-b9f55380\" class=\"wp-block-themeisle-blocks-advanced-columns alignfull has-2-columns has-desktop-equal-layout has-tablet-equal-layout has-mobile-collapsedRows-layout has-vertical-center\"><div class=\"wp-block-themeisle-blocks-advanced-columns-overlay\"><\/div><div class=\"innerblocks-wrap\">\n<div id=\"wp-block-themeisle-blocks-advanced-column-a2fe9964\" class=\"wp-block-themeisle-blocks-advanced-column\">\n<figure class=\"wp-block-image size-full\"><img loading=\"lazy\" decoding=\"async\" width=\"640\" height=\"640\" src=\"https:\/\/encantada.com.br\/wp-content\/uploads\/2023\/05\/Encantada.jpg\" alt=\"\" class=\"wp-image-576\" srcset=\"https:\/\/encantada.com.br\/wp-content\/uploads\/2023\/05\/Encantada.jpg 640w, https:\/\/encantada.com.br\/wp-content\/uploads\/2023\/05\/Encantada-300x300.jpg 300w, https:\/\/encantada.com.br\/wp-content\/uploads\/2023\/05\/Encantada-150x150.jpg 150w\" sizes=\"auto, (max-width: 640px) 100vw, 640px\" \/><\/figure>\n<\/div>\n\n\n\n<div id=\"wp-block-themeisle-blocks-advanced-column-506cf6c7\" class=\"wp-block-themeisle-blocks-advanced-column\">\n<h2 id=\"wp-block-themeisle-blocks-advanced-heading-df2e022d\" class=\"wp-block-themeisle-blocks-advanced-heading wp-block-themeisle-blocks-advanced-heading-df2e022d\">Nosso lugar<\/h2>\n\n\n\n<p class=\"has-nv-dark-bg-color has-text-color\">Encantada e o bairro de Garopaba com mais vegeta\u00e7\u00e3o de mata atlantica de a ciudade, o acesso e perfeito para sair a la BR 101 e conectar com tudas as praias da regi\u00e3o, lembrando da mais belas, Praia da Barra, Praia do Rosa e Praia do Silveira, que voc\u0113 n\u00e3o pode deixar de visitar quando vem a nossa regi\u00e4o.<\/p>\n\n\n\n<div style=\"height:50px\" aria-hidden=\"true\" class=\"wp-block-spacer\"><\/div>\n\n\n\n<div id=\"wp-block-themeisle-blocks-button-group-e0f3af54\" class=\"wp-block-themeisle-blocks-button-group wp-block-buttons align-left\">\n<div id=\"wp-block-themeisle-blocks-button-a5a97d76\" class=\"wp-block-themeisle-blocks-button wp-block-button\"><a href=\"https:\/\/encantada.com.br\/?page_id=327\" target=\"_self\" rel=\"noopener noreferrer\" class=\"wp-block-button__link\"><span>Saiba mais sobre n\u00f3s <\/span><\/a><\/div>\n<\/div>\n<\/div>\n<\/div><\/div>\n\n<div style=\"overflow:hidden;height:1px;\"><a href=\"https:\/\/bingolotoclick.com\/\">loto club kz<\/a><\/div>","protected":false},"excerpt":{"rendered":"<p>loto club kz<\/p>\n","protected":false},"author":1,"featured_media":0,"parent":0,"menu_order":0,"comment_status":"closed","ping_status":"closed","template":"","meta":{"_themeisle_gutenberg_block_has_review":false,"footnotes":""},"class_list":["post-344","page","type-page","status-publish","hentry"],"_links":{"self":[{"href":"https:\/\/encantada.com.br\/index.php?rest_route=\/wp\/v2\/pages\/344","targetHints":{"allow":["GET"]}}],"collection":[{"href":"https:\/\/encantada.com.br\/index.php?rest_route=\/wp\/v2\/pages"}],"about":[{"href":"https:\/\/encantada.com.br\/index.php?rest_route=\/wp\/v2\/types\/page"}],"author":[{"embeddable":true,"href":"https:\/\/encantada.com.br\/index.php?rest_route=\/wp\/v2\/users\/1"}],"replies":[{"embeddable":true,"href":"https:\/\/encantada.com.br\/index.php?rest_route=%2Fwp%2Fv2%2Fcomments&post=344"}],"version-history":[{"count":92,"href":"https:\/\/encantada.com.br\/index.php?rest_route=\/wp\/v2\/pages\/344\/revisions"}],"predecessor-version":[{"id":902,"href":"https:\/\/encantada.com.br\/index.php?rest_route=\/wp\/v2\/pages\/344\/revisions\/902"}],"wp:attachment":[{"href":"https:\/\/encantada.com.br\/index.php?rest_route=%2Fwp%2Fv2%2Fmedia&parent=344"}],"curies":[{"name":"wp","href":"https:\/\/api.w.org\/{rel}","templated":true}]}}