{"id":327,"date":"2023-05-16T14:51:19","date_gmt":"2023-05-16T14:51:19","guid":{"rendered":"https:\/\/encantada.com.br\/?page_id=327"},"modified":"2023-08-11T15:52:08","modified_gmt":"2023-08-11T15:52:08","slug":"about","status":"publish","type":"page","link":"https:\/\/encantada.com.br\/?page_id=327","title":{"rendered":"Informa\u00e7\u00e3o"},"content":{"rendered":"\n<h2 class=\"wp-block-heading alignfull has-nv-site-bg-color has-nv-dark-bg-background-color has-text-color has-background\">Informa\u00e7\u00e3o<\/h2>\n\n\n\n<div id=\"wp-block-themeisle-blocks-advanced-columns-9ed733b5\" class=\"wp-block-themeisle-blocks-advanced-columns alignfull has-1-columns has-desktop-equal-layout has-tablet-equal-layout has-mobile-collapsedRows-layout has-vertical-unset has-dark-bg\"><div class=\"wp-block-themeisle-blocks-advanced-columns-overlay\"><\/div><div class=\"innerblocks-wrap\">\n<div id=\"wp-block-themeisle-blocks-advanced-column-e2e4f7ae\" class=\"wp-block-themeisle-blocks-advanced-column\">\n<p class=\"has-white-color has-text-color\"> Localizada em ponto estrat\u00e9gico com f\u00e1cil acesso ao centro de Garopaba, SC. Encantada \u00e9 certamente umos dos bairros residenciales com mais verde, belos, e encantadores da cciudade possui uma  vasta vegeta\u00e7\u00e3o de mata atlantica  com cachoeiras no Morro da Encantada repleto de paz proporcionada por a natureza ao redor.<\/p>\n\n\n\n<p>A trilha para a Pedra branca na Serraria Tamb\u00e9m traz, como resultado, uma das visitas mais lindas da ciudade com direito a Lagoa, mar, morros, dunas e at\u00e9 parte do Porto de Imbituba. Para complementar, o barrio possui acesso para Praia da barra e Lagoa de Encantada, al\u00e9m do Morro dos Indios que tem uma vista exuberante e \u00e9 a divisa entre Barrinha e praia de Ferrugem.<\/p>\n\n\n\n<p>De Praia da barra d\u00e1 at\u00e9 pra fazer a trilha para Praia do Ouvidor,  Praia de Vermelha at\u00e9 a linda bahia de Praia do Rosa.<\/p>\n\n\n\n<p>A cultura Local ainda \u00e9 muito presente com su temporada de pesca e produ\u00e7\u00e4o de farinha de Mandioca.  Encantada \u00e9 a morada do Grupo S\u00e3o Luiz Gonzaga, famoso pelo boi-de-mam\u00e3o.<\/p>\n\n\n\n<p> <\/p>\n<\/div>\n<\/div><\/div>\n\n\n\n<div id=\"wp-block-themeisle-blocks-advanced-columns-96c3d70b\" class=\"wp-block-themeisle-blocks-advanced-columns alignfull has-1-columns has-desktop-equal-layout has-tablet-equal-layout has-mobile-collapsedRows-layout has-vertical-unset has-dark-bg\"><div class=\"wp-block-themeisle-blocks-advanced-columns-overlay\"><\/div><div class=\"innerblocks-wrap\">\n<div id=\"wp-block-themeisle-blocks-advanced-column-3b6efc2d\" class=\"wp-block-themeisle-blocks-advanced-column\">\n<figure class=\"wp-block-image size-full is-resized\"><img loading=\"lazy\" decoding=\"async\" src=\"https:\/\/encantada.com.br\/wp-content\/uploads\/2023\/05\/Encantada.jpg\" alt=\"\" class=\"wp-image-576\" style=\"width:663px;height:663px\" width=\"663\" height=\"663\" srcset=\"https:\/\/encantada.com.br\/wp-content\/uploads\/2023\/05\/Encantada.jpg 640w, https:\/\/encantada.com.br\/wp-content\/uploads\/2023\/05\/Encantada-300x300.jpg 300w, https:\/\/encantada.com.br\/wp-content\/uploads\/2023\/05\/Encantada-150x150.jpg 150w\" sizes=\"auto, (max-width: 663px) 100vw, 663px\" \/><\/figure>\n<\/div>\n<\/div><\/div>\n","protected":false},"excerpt":{"rendered":"<p>Informa\u00e7\u00e3o<\/p>\n","protected":false},"author":1,"featured_media":0,"parent":0,"menu_order":0,"comment_status":"closed","ping_status":"closed","template":"page-templates\/template-pagebuilder-full-width.php","meta":{"_themeisle_gutenberg_block_has_review":false,"footnotes":""},"class_list":["post-327","page","type-page","status-publish","hentry"],"_links":{"self":[{"href":"https:\/\/encantada.com.br\/index.php?rest_route=\/wp\/v2\/pages\/327","targetHints":{"allow":["GET"]}}],"collection":[{"href":"https:\/\/encantada.com.br\/index.php?rest_route=\/wp\/v2\/pages"}],"about":[{"href":"https:\/\/encantada.com.br\/index.php?rest_route=\/wp\/v2\/types\/page"}],"author":[{"embeddable":true,"href":"https:\/\/encantada.com.br\/index.php?rest_route=\/wp\/v2\/users\/1"}],"replies":[{"embeddable":true,"href":"https:\/\/encantada.com.br\/index.php?rest_route=%2Fwp%2Fv2%2Fcomments&post=327"}],"version-history":[{"count":12,"href":"https:\/\/encantada.com.br\/index.php?rest_route=\/wp\/v2\/pages\/327\/revisions"}],"predecessor-version":[{"id":846,"href":"https:\/\/encantada.com.br\/index.php?rest_route=\/wp\/v2\/pages\/327\/revisions\/846"}],"wp:attachment":[{"href":"https:\/\/encantada.com.br\/index.php?rest_route=%2Fwp%2Fv2%2Fmedia&parent=327"}],"curies":[{"name":"wp","href":"https:\/\/api.w.org\/{rel}","templated":true}]}}